{"id":3357,"date":"2022-09-22T10:56:21","date_gmt":"2022-09-22T10:56:21","guid":{"rendered":"https:\/\/www.cooperatextil.com\/cooperatextil-4-0"},"modified":"2022-10-20T12:15:00","modified_gmt":"2022-10-20T12:15:00","slug":"cooperatextil-4-0","status":"publish","type":"page","link":"https:\/\/devcooperatextil.tecnocampus.cat\/ca\/cooperatextil-4-0","title":{"rendered":"CooperaT\u00e8xtil 4.0"},"content":{"rendered":"\n<p><strong>CooperaT\u00e8xtil 4.0<\/strong>&nbsp;\u00e9s l\u2019espai de refer\u00e8ncia i trobada de les persones, empreses i organitzacions de la cadena de valor del t\u00e8xtil-moda per a la seva transformaci\u00f3 digital i la seva maduresa tecnol\u00f2gica, en una aposta clara per la construcci\u00f3 d\u2019un model econ\u00f2mic de creixement sostenible, competitiu i adaptat a les necessitats de present i futur.<\/p>\n","protected":false},"excerpt":{"rendered":"<p>CooperaT\u00e8xtil 4.0&nbsp;\u00e9s l\u2019espai de refer\u00e8ncia i trobada de les persones, empreses i organitzacions de la cadena de valor del t\u00e8xtil-moda per a la seva transformaci\u00f3 digital i la seva maduresa tecnol\u00f2gica, en una aposta clara per la construcci\u00f3 d\u2019un model econ\u00f2mic de creixement sostenible, competitiu i adaptat a les necessitats de present i futur.<\/p>\n","protected":false},"author":1,"featured_media":0,"parent":0,"menu_order":0,"comment_status":"closed","ping_status":"closed","template":"page-templates\/cooperatextil40.php","meta":{"inline_featured_image":false},"acf":[],"_links":{"self":[{"href":"https:\/\/devcooperatextil.tecnocampus.cat\/ca\/wp-json\/wp\/v2\/pages\/3357"}],"collection":[{"href":"https:\/\/devcooperatextil.tecnocampus.cat\/ca\/wp-json\/wp\/v2\/pages"}],"about":[{"href":"https:\/\/devcooperatextil.tecnocampus.cat\/ca\/wp-json\/wp\/v2\/types\/page"}],"author":[{"embeddable":true,"href":"https:\/\/devcooperatextil.tecnocampus.cat\/ca\/wp-json\/wp\/v2\/users\/1"}],"replies":[{"embeddable":true,"href":"https:\/\/devcooperatextil.tecnocampus.cat\/ca\/wp-json\/wp\/v2\/comments?post=3357"}],"version-history":[{"count":33,"href":"https:\/\/devcooperatextil.tecnocampus.cat\/ca\/wp-json\/wp\/v2\/pages\/3357\/revisions"}],"predecessor-version":[{"id":3909,"href":"https:\/\/devcooperatextil.tecnocampus.cat\/ca\/wp-json\/wp\/v2\/pages\/3357\/revisions\/3909"}],"wp:attachment":[{"href":"https:\/\/devcooperatextil.tecnocampus.cat\/ca\/wp-json\/wp\/v2\/media?parent=3357"}],"curies":[{"name":"wp","href":"https:\/\/api.w.org\/{rel}","templated":true}]}}