{"id":3,"date":"2021-07-27T13:54:04","date_gmt":"2021-07-27T13:54:04","guid":{"rendered":"http:\/\/cooperatextil.6tems.es\/?page_id=3"},"modified":"2022-02-01T16:39:38","modified_gmt":"2022-02-01T16:39:38","slug":"politica-privacitat","status":"publish","type":"page","link":"https:\/\/devcooperatextil.tecnocampus.cat\/ca\/politica-privacitat","title":{"rendered":"Pol\u00edtica de privacitat"},"content":{"rendered":"\n<p><strong>Per qu\u00e8 utilitzem les vostres dades personals?<\/strong><\/p>\n\n\n\n<p>Les vostres dades personals nom\u00e9s s\u2019utilitzaran per a les finalitats seg\u00fcents:<\/p>\n\n\n\n<ul><li>Gestionar l\u2019enviament d\u2019informaci\u00f3 comercial sobre l\u2019oferta formativa de la Fundaci\u00f3 Tecnocampus Matar\u00f3-Maresme i altres comunicacions del vostre inter\u00e8s, tan en paper com per mitjans electr\u00f2nics.<\/li><li>Gestionar l\u2019enviament d\u2019informaci\u00f3 acad\u00e8mica i institucional relacionada amb els actes que es duen a terme des de La Fundaci\u00f3 Tecnocampus Matar\u00f3-Maresme com a instituci\u00f3, tan en paper com per mitjans electr\u00f2nics.<\/li><li>Gestionar la matr\u00edcula i els expedients acad\u00e8mics dels alumnes, i qualsevol aspecte relacionat amb els estudis i la mobilitat dels alumnes. La gesti\u00f3 de la matr\u00edcula significa la realitzaci\u00f3 de totes les gestions administratives que siguin necess\u00e0ries amb aquesta finalitat.<\/li><li>Gestionar la relaci\u00f3 comercial entre la Fundaci\u00f3 Tecnocampus Matar\u00f3-Maresme i les empreses o professionals que fan us dels serveis oferts a trav\u00e9s del Parc de l\u2019Emprenedoria.<\/li><li>Dur a terme an\u00e0lisis estad\u00edstiques.&nbsp;<\/li><\/ul>\n\n\n\n<p>No tractem les vostres dades personals amb cap altra finalitat que les que s\u2019han descrit aqu\u00ed excepte per obligaci\u00f3 legal o requeriment administratiu o judicial.<\/p>\n\n\n\n<p>El responsable del tractament<\/p>\n\n\n\n<p>El responsable del tractament de les vostres dades personals \u00e9s la<\/p>\n\n\n\n<p>Fundaci\u00f3 Tecnocampus Matar\u00f3-Maresme<br>Avinguda d\u2019Ernest Lluch, 32 &#8211; Torre TCM1<br>08302 Matar\u00f3<br>Tel\u00e8fon: 93 169 65 01<br>Horari d\u2019oficina: de dilluns a divendres de 09:00 a 18:00&nbsp;<\/p>\n\n\n\n<p>El delegat de protecci\u00f3 de dades<\/p>\n\n\n\n<p>\u00c9s la persona designada per protegir les vostres dades personals a la Fundaci\u00f3 Tecnocampus Matar\u00f3-Maresme. Sempre podreu contactar-hi per q\u00fcestions relacionades amb la privacitat de les vostres dades a la seg\u00fcent adre\u00e7a rgpd@tecnocampus.cat; o escrivint a&nbsp;\u00abDPD &#8211; Protecci\u00f3 de dades\u00bb, a Avinguda d\u2019Ernest Lluch, 32 &#8211; Torre TCM2, planta 6. 08302 Matar\u00f3.<\/p>\n\n\n\n<p>Cessi\u00f3 de dades<\/p>\n\n\n\n<p>No cedirem les vostres dades personals a tercers, amb l\u2019excepci\u00f3 que estiguem obligats per llei, que les haguem de cedir a d\u2019altres administracions per a l\u2019exercici de les compet\u00e8ncies pr\u00f2pies, o perqu\u00e8 aix\u00ed ho hagu\u00e9ssiu autoritzat pr\u00e8viament.<\/p>\n\n\n\n<p><strong>Quant de temps conservem les dades?<\/strong><\/p>\n\n\n\n<p>Mantindrem les vostres dades personals durant els terminis de prescripci\u00f3 legal, llevat les dades corresponents als expedients acad\u00e8mics que es mantindran indefinidament. Una vegada que hagin transcorregut aquests terminis de prescripci\u00f3 legal, destruirem les vostres dades utilitzant m\u00e8todes segurs.<\/p>\n\n\n\n<p>Quins s\u00f3n els vostres drets?<\/p>\n\n\n\n<ul><li>Acc\u00e9s o rectificaci\u00f3:&nbsp;per consultar i\/o sol\u00b7licitar la modificaci\u00f3 de les vostres dades personals.<\/li><li>Supressi\u00f3: per sol\u00b7licitar l&#8217;eliminaci\u00f3 de les vostres dades personals.<\/li><li>Oposici\u00f3 o limitaci\u00f3:&nbsp;per sol\u00b7licitar que no es tractin o que se n\u2019estableixi una limitaci\u00f3 en el tractament.<\/li><li>Portabilitat: per sol\u00b7licitar la transmissi\u00f3 de les vostres dades personals a un tercer que ens hagi autoritzat.<\/li><\/ul>\n\n\n\n<p>Per a m\u00e9s informaci\u00f3, us podeu adre\u00e7ar a les nostres oficines o podeu posar-vos encontacte a trav\u00e9s de l\u2019adre\u00e7a de correu electr\u00f2nic&nbsp;<a href=\"mailto:rgpd@tecnocampus.cat\">rgpd@tecnocampus.cat<\/a>.<\/p>\n","protected":false},"excerpt":{"rendered":"<p>Per qu\u00e8 utilitzem les vostres dades personals? Les vostres dades personals nom\u00e9s s\u2019utilitzaran per a les finalitats seg\u00fcents: Gestionar l\u2019enviament d\u2019informaci\u00f3 comercial sobre l\u2019oferta formativa de la Fundaci\u00f3 Tecnocampus Matar\u00f3-Maresme i altres comunicacions del vostre inter\u00e8s, tan en paper com per mitjans electr\u00f2nics. Gestionar l\u2019enviament d\u2019informaci\u00f3 acad\u00e8mica i institucional relacionada amb els actes que es [&hellip;]<\/p>\n","protected":false},"author":1,"featured_media":0,"parent":0,"menu_order":0,"comment_status":"closed","ping_status":"open","template":"page-templates\/single-page.php","meta":{"inline_featured_image":false},"acf":[],"_links":{"self":[{"href":"https:\/\/devcooperatextil.tecnocampus.cat\/ca\/wp-json\/wp\/v2\/pages\/3"}],"collection":[{"href":"https:\/\/devcooperatextil.tecnocampus.cat\/ca\/wp-json\/wp\/v2\/pages"}],"about":[{"href":"https:\/\/devcooperatextil.tecnocampus.cat\/ca\/wp-json\/wp\/v2\/types\/page"}],"author":[{"embeddable":true,"href":"https:\/\/devcooperatextil.tecnocampus.cat\/ca\/wp-json\/wp\/v2\/users\/1"}],"replies":[{"embeddable":true,"href":"https:\/\/devcooperatextil.tecnocampus.cat\/ca\/wp-json\/wp\/v2\/comments?post=3"}],"version-history":[{"count":4,"href":"https:\/\/devcooperatextil.tecnocampus.cat\/ca\/wp-json\/wp\/v2\/pages\/3\/revisions"}],"predecessor-version":[{"id":1729,"href":"https:\/\/devcooperatextil.tecnocampus.cat\/ca\/wp-json\/wp\/v2\/pages\/3\/revisions\/1729"}],"wp:attachment":[{"href":"https:\/\/devcooperatextil.tecnocampus.cat\/ca\/wp-json\/wp\/v2\/media?parent=3"}],"curies":[{"name":"wp","href":"https:\/\/api.w.org\/{rel}","templated":true}]}}