{"id":142,"date":"2021-07-30T11:01:59","date_gmt":"2021-07-30T11:01:59","guid":{"rendered":"http:\/\/cooperatextil.6tems.es\/?page_id=142"},"modified":"2021-09-07T10:43:18","modified_gmt":"2021-09-07T10:43:18","slug":"contactar","status":"publish","type":"page","link":"https:\/\/devcooperatextil.tecnocampus.cat\/ca\/contactar","title":{"rendered":"Voleu m\u00e9s informaci\u00f3?"},"content":{"rendered":"\n<p>Ompliu el seg\u00fcent formulari de contacte i el nostre equip atendr\u00e0 la vostra petici\u00f3.<\/p>\n\n\n\n<div class=\"wpcf7 no-js\" id=\"wpcf7-f264-o1\" lang=\"ca\" dir=\"ltr\">\n<div class=\"screen-reader-response\"><p role=\"status\" aria-live=\"polite\" aria-atomic=\"true\"><\/p> <ul><\/ul><\/div>\n<form action=\"\/ca\/wp-json\/wp\/v2\/pages\/142#wpcf7-f264-o1\" method=\"post\" class=\"wpcf7-form init\" aria-label=\"Contact form\" novalidate=\"novalidate\" data-status=\"init\">\n<div style=\"display: none;\">\n<input type=\"hidden\" name=\"_wpcf7\" value=\"264\" \/>\n<input type=\"hidden\" name=\"_wpcf7_version\" value=\"5.7.4\" \/>\n<input type=\"hidden\" name=\"_wpcf7_locale\" value=\"ca\" \/>\n<input type=\"hidden\" name=\"_wpcf7_unit_tag\" value=\"wpcf7-f264-o1\" \/>\n<input type=\"hidden\" name=\"_wpcf7_container_post\" value=\"0\" \/>\n<input type=\"hidden\" name=\"_wpcf7_posted_data_hash\" value=\"\" \/>\n<\/div>\n<div class=\"form-box\">\n\t<div class=\"frm-input\">\n\t\t<div class=\"frm-input-ctrl\">\n\t\t\t<p><span class=\"wpcf7-form-control-wrap\" data-name=\"text-nom\"><input size=\"40\" class=\"wpcf7-form-control wpcf7-text wpcf7-validates-as-required form-control\" aria-required=\"true\" aria-invalid=\"false\" placeholder=\"Nom\" value=\"\" type=\"text\" name=\"text-nom\" \/><\/span>\n\t\t\t<\/p>\n\t\t<\/div>\n\t<\/div>\n\t<div class=\"frm-input\">\n\t\t<div class=\"frm-input-ctrl\">\n\t\t\t<p><span class=\"wpcf7-form-control-wrap\" data-name=\"text-mail\"><input size=\"40\" class=\"wpcf7-form-control wpcf7-text wpcf7-validates-as-required form-control\" aria-required=\"true\" aria-invalid=\"false\" placeholder=\"Email\" value=\"\" type=\"text\" name=\"text-mail\" \/><\/span>\n\t\t\t<\/p>\n\t\t<\/div>\n\t<\/div>\n\t<div class=\"frm-input\">\n\t\t<div class=\"two-col\">\n\t\t\t<div class=\"frm-input-ctrl\">\n\t\t\t\t<p><span class=\"wpcf7-form-control-wrap\" data-name=\"text-tel\"><input size=\"40\" class=\"wpcf7-form-control wpcf7-text form-control\" aria-invalid=\"false\" placeholder=\"Tel\u00e8fon\" value=\"\" type=\"text\" name=\"text-tel\" \/><\/span>\n\t\t\t\t<\/p>\n\t\t\t<\/div>\n\t\t\t<div class=\"frm-input-ctrl\">\n\t\t\t\t<p><span class=\"wpcf7-form-control-wrap\" data-name=\"text-assumpte\"><input size=\"40\" class=\"wpcf7-form-control wpcf7-text wpcf7-validates-as-required form-control\" aria-required=\"true\" aria-invalid=\"false\" placeholder=\"Assumpte\" value=\"\" type=\"text\" name=\"text-assumpte\" \/><\/span>\n\t\t\t\t<\/p>\n\t\t\t<\/div>\n\t\t<\/div>\n\t<\/div>\n\t<div class=\"frm-input\">\n\t\t<div class=\"frm-input-ctrl\">\n\t\t\t<p><span class=\"wpcf7-form-control-wrap\" data-name=\"textarea-missatge\"><textarea cols=\"40\" rows=\"10\" class=\"wpcf7-form-control wpcf7-textarea txt-box\" aria-invalid=\"false\" placeholder=\"Missatge\" name=\"textarea-missatge\"><\/textarea><\/span>\n\t\t\t<\/p>\n\t\t<\/div>\n\t<\/div>\n\t<div class=\"frm-input\">\n\t\t<div class=\"chk-box-lft\">\n\t\t\t<div class=\"frm-input checkbox\">\n\t\t\t\t<p><span class=\"wpcf7-form-control-wrap\" data-name=\"rgpd\"><span class=\"wpcf7-form-control wpcf7-acceptance\"><span class=\"wpcf7-list-item\"><label><input type=\"checkbox\" name=\"rgpd\" value=\"1\" aria-invalid=\"false\" \/><span class=\"wpcf7-list-item-label\">He llegit i accepto la Pol\u00edtica de <a href=\"https:\/\/www.cooperatextil.com\/ca\/politica-privacitat\" target=\"_blank\">Protecci\u00f3 de Dades<\/a><\/span><\/label><\/span><\/span><\/span>\n\t\t\t\t<\/p>\n\t\t\t<\/div>\n\t\t\t<div class=\"frm-input checkbox\">\n\t\t\t\t<p><span class=\"wpcf7-form-control-wrap\" data-name=\"promo\"><span class=\"wpcf7-form-control wpcf7-acceptance optional\"><span class=\"wpcf7-list-item\"><label><input type=\"checkbox\" name=\"promo\" value=\"1\" aria-invalid=\"false\" \/><span class=\"wpcf7-list-item-label\">Estic d'acord en rebre informaci\u00f3 promocional<\/span><\/label><\/span><\/span><\/span>\n\t\t\t\t<\/p>\n\t\t\t<\/div>\n\t\t<\/div>\n\t\t<div class=\"btn-rgt btn-ctr\">\n\t\t\t<p><input class=\"wpcf7-form-control has-spinner wpcf7-submit\" type=\"submit\" value=\"Envia\" \/>\n\t\t\t<\/p>\n\t\t<\/div>\n\t<\/div>\n<\/div><div class=\"wpcf7-response-output\" aria-hidden=\"true\"><\/div>\n<\/form>\n<\/div>\n\n\n\n\n<p><\/p>\n","protected":false},"excerpt":{"rendered":"<p>Ompliu el seg\u00fcent formulari de contacte i el nostre equip atendr\u00e0 la vostra petici\u00f3.<\/p>\n","protected":false},"author":1,"featured_media":0,"parent":0,"menu_order":0,"comment_status":"closed","ping_status":"closed","template":"page-templates\/contactar.php","meta":{"inline_featured_image":false},"acf":[],"_links":{"self":[{"href":"https:\/\/devcooperatextil.tecnocampus.cat\/ca\/wp-json\/wp\/v2\/pages\/142"}],"collection":[{"href":"https:\/\/devcooperatextil.tecnocampus.cat\/ca\/wp-json\/wp\/v2\/pages"}],"about":[{"href":"https:\/\/devcooperatextil.tecnocampus.cat\/ca\/wp-json\/wp\/v2\/types\/page"}],"author":[{"embeddable":true,"href":"https:\/\/devcooperatextil.tecnocampus.cat\/ca\/wp-json\/wp\/v2\/users\/1"}],"replies":[{"embeddable":true,"href":"https:\/\/devcooperatextil.tecnocampus.cat\/ca\/wp-json\/wp\/v2\/comments?post=142"}],"version-history":[{"count":9,"href":"https:\/\/devcooperatextil.tecnocampus.cat\/ca\/wp-json\/wp\/v2\/pages\/142\/revisions"}],"predecessor-version":[{"id":394,"href":"https:\/\/devcooperatextil.tecnocampus.cat\/ca\/wp-json\/wp\/v2\/pages\/142\/revisions\/394"}],"wp:attachment":[{"href":"https:\/\/devcooperatextil.tecnocampus.cat\/ca\/wp-json\/wp\/v2\/media?parent=142"}],"curies":[{"name":"wp","href":"https:\/\/api.w.org\/{rel}","templated":true}]}}