{"id":125,"date":"2021-07-30T10:25:26","date_gmt":"2021-07-30T10:25:26","guid":{"rendered":"http:\/\/cooperatextil.6tems.es\/?page_id=125"},"modified":"2022-01-27T09:35:56","modified_gmt":"2022-01-27T09:35:56","slug":"politica-de-cookies","status":"publish","type":"page","link":"https:\/\/devcooperatextil.tecnocampus.cat\/ca\/politica-de-cookies","title":{"rendered":"Pol\u00edtica de Cookies"},"content":{"rendered":"\n<p>\u201c<em>Cookie<\/em>\u201d \u00e9s un fitxer que es descarrega en el seu ordinador al accedir a determinades p\u00e0gines web. Les \u201ccookies\u201d permeten a una p\u00e0gina web, entre altres coses, emmagatzemar i recuperar informaci\u00f3 sobre els h\u00e0bits de navegaci\u00f3 d\u2019un usuari o del seu equip i, en funci\u00f3 de la informaci\u00f3 que continguin i de la forma en la que utilitzi el seu equip, es poden utilitzar per recon\u00e8ixer l\u2019usuari. El navegador de l\u2019usuari memoritza cookies al disc dur \u00fanicament durant la sessi\u00f3 actual ocupant un espai de mem\u00f2ria m\u00ednim i sense perjudicar a l\u2019ordinador. Les cookies no contenen cap classe d\u2019informaci\u00f3 personal espec\u00edfica, i la majoria de les mateixes s\u2019esborren del disc dur al finalitzar la sessi\u00f3 del navegador (les denominades cookies de sessi\u00f3).<br><br>La majoria de navegadors accepten com a est\u00e0ndard a les cookies i, amb independ\u00e8ncia de les mateixes, permeten o impedeixen als ajustaments de seguretat les cookies temporals o memoritzades.<br><br>Sense el seu expr\u00e9s consentiment \u2013 mitjan\u00e7ant l\u2019activaci\u00f3 de les cookies al seu navegador- Cooperatextil no enlla\u00e7ar\u00e0 a les cookies les dades memoritzades amb les seves dades personals proporcionades en el moment de registre o compra.<br>&nbsp;<\/p>\n\n\n\n<h3 id=\"quins-tipus-de-cookies-utilitza-aquesta-pagina-web\">Quins tipus de cookies utilitza aquesta p\u00e0gina web?<\/h3>\n\n\n\n<p><strong>Cookies t\u00e8cniques:<\/strong>&nbsp;Son aquelles que permeten a l\u2019usuari la navegaci\u00f3 a trav\u00e9s d\u2019una p\u00e0gina web, plataforma o aplicaci\u00f3 i la utilitzaci\u00f3 de les diferents opcions o serveis que existeixin en aquesta com, per exemple, controlar el tr\u00e0nsit i la comunicaci\u00f3 de dades, identificar la sessi\u00f3, accedir a parts d\u2019acc\u00e9s restringit, recordar els elements que integren una comanda, realitzar el proc\u00e9s de compra d\u2019una comanda, realitzar la sol\u2022licitud d\u2019inscripci\u00f3 o participar en un esdeveniment, utilitzar elements de seguretat durant la navegaci\u00f3, emmagatzemar continguts per la difusi\u00f3 de v\u00eddeos o so o compartir continguts mitjan\u00e7ant xarxes socials.<br><br><strong>Cookies de personalitzaci\u00f3<\/strong>: Son aquelles que permeten a l\u2019usuari accedir al servei amb algunes caracter\u00edstiques de car\u00e0cter general predefinides en funci\u00f3 d\u2019una s\u00e8rie de criteris en el terminal de l\u2019usuari com per exemple serien l\u2019idioma, el tipus de navegador mitjan\u00e7ant el qual accedeix al servei, la configuraci\u00f3 regional des d\u2019on s\u2019accedeix al servei, etc.<br><br><strong>Cookies d\u2019an\u00e0lisi<\/strong>: son aquelles que ben tractades per nosaltres o tercers, ens permeten quantificar el nombre d\u2019usuaris i aix\u00ed realitzar la medici\u00f3 i an\u00e0lisi estad\u00edstic de l\u2019utilitzaci\u00f3 que fan els usuaris del servei ofertat. Per aix\u00f2 s\u2019analitza la seva navegaci\u00f3 per la nostra p\u00e0gina web amb el fi de millorar la oferta de productes o serveis que li oferim.<br><br><strong>Cookies de tercers:<\/strong>&nbsp;La Web de Cooperatextil pot utilitzar serveis de tercers que, per compta de TecnoCampus, recopilaran informaci\u00f3 amb fins estad\u00edstics, d\u2019us del Site per part de l\u2019usuari i per la prestaci\u00f3 d\u2019altres serveis relacionats amb l\u2019activitat del Website i altres serveis d\u2019Internet.<br><br>En particular, aquest lloc web utilitza Google Analytics, un servei anal\u00edtic de web prestat per Google, Inc. Amb domicili als Estats Units amb seu central a 1600 Amphitheatre Parkway, Mountain View, California 94043. Per la prestaci\u00f3 d\u2019aquests serveis, aquests utilitzen cookies que recopilen la informaci\u00f3, inclosa la direcci\u00f3 IP de l\u2019usuari, que ser\u00e0 transmesa, tractada i emmagatzemada per Google als termes fixats a la web Google.com. Incloent la possible transmissi\u00f3 d\u2019aquesta informaci\u00f3 a tercers per raons d\u2019exig\u00e8ncia legal o quan aquests tercers processin la informaci\u00f3 per compte de Google.<br><br><strong>L\u2019Usuari accepta expresament, per la utilitzaci\u00f3 d\u2019aquest lloc web, el tractament de la informaci\u00f3 recaptada en la forma i amb els fins anteriorment esmenats<\/strong>. I aix\u00ed mateix reconeix con\u00e8ixer la possibilitat de rebutjar el tractament de tals dades o informaci\u00f3 rebutjant l\u2019\u00fas de Cookies mitjan\u00e7ant la selecci\u00f3 de la configuraci\u00f3 apropiada a tal fi al seu navegador. Si b\u00e9 aquesta opci\u00f3 de bloqueig de Cookies al seu navegador pot no permetre-li l\u2019\u00fas ple de totes les funcionalitats del lloc web.<br><br>Pot usted permetre, bloquejar o eliminar les cookies instal\u2022lades al seu equip mitjan\u00e7ant la configuraci\u00f3 de les opcions del navegador instal\u2022lat al seu ordinador:<\/p>\n\n\n\n<ul><li><a href=\"http:\/\/support.google.com\/chrome\/bin\/answer.py?hl=es&amp;answer=95647\" target=\"_blank\" rel=\"noreferrer noopener\">Chrome<\/a><\/li><li><a href=\"http:\/\/windows.microsoft.com\/es-es\/windows7\/how-to-manage-cookies-in-internet-explorer-9\" target=\"_blank\" rel=\"noreferrer noopener\">Explorer<\/a><\/li><li><a href=\"http:\/\/support.mozilla.org\/es\/kb\/habilitar-y-deshabilitar-cookies-que-los-sitios-we\" target=\"_blank\" rel=\"noreferrer noopener\">Firefox<\/a><\/li><li><a href=\"http:\/\/support.apple.com\/kb\/ph5042\" target=\"_blank\" rel=\"noreferrer noopener\">Safari<\/a><\/li><\/ul>\n\n\n\n<p>Si t\u00e9 dubtes sobre aquesta pol\u00edtica de cookies, pot contactar amb Cooperatextil a&nbsp;<a href=\"mailto:info@cooperatextil.com\">info@cooperatextil.com<\/a><\/p>\n","protected":false},"excerpt":{"rendered":"<p>\u201cCookie\u201d \u00e9s un fitxer que es descarrega en el seu ordinador al accedir a determinades p\u00e0gines web. Les \u201ccookies\u201d permeten a una p\u00e0gina web, entre altres coses, emmagatzemar i recuperar informaci\u00f3 sobre els h\u00e0bits de navegaci\u00f3 d\u2019un usuari o del seu equip i, en funci\u00f3 de la informaci\u00f3 que continguin i de la forma en [&hellip;]<\/p>\n","protected":false},"author":1,"featured_media":0,"parent":0,"menu_order":0,"comment_status":"closed","ping_status":"closed","template":"page-templates\/single-page.php","meta":{"inline_featured_image":false},"acf":[],"_links":{"self":[{"href":"https:\/\/devcooperatextil.tecnocampus.cat\/ca\/wp-json\/wp\/v2\/pages\/125"}],"collection":[{"href":"https:\/\/devcooperatextil.tecnocampus.cat\/ca\/wp-json\/wp\/v2\/pages"}],"about":[{"href":"https:\/\/devcooperatextil.tecnocampus.cat\/ca\/wp-json\/wp\/v2\/types\/page"}],"author":[{"embeddable":true,"href":"https:\/\/devcooperatextil.tecnocampus.cat\/ca\/wp-json\/wp\/v2\/users\/1"}],"replies":[{"embeddable":true,"href":"https:\/\/devcooperatextil.tecnocampus.cat\/ca\/wp-json\/wp\/v2\/comments?post=125"}],"version-history":[{"count":7,"href":"https:\/\/devcooperatextil.tecnocampus.cat\/ca\/wp-json\/wp\/v2\/pages\/125\/revisions"}],"predecessor-version":[{"id":1150,"href":"https:\/\/devcooperatextil.tecnocampus.cat\/ca\/wp-json\/wp\/v2\/pages\/125\/revisions\/1150"}],"wp:attachment":[{"href":"https:\/\/devcooperatextil.tecnocampus.cat\/ca\/wp-json\/wp\/v2\/media?parent=125"}],"curies":[{"name":"wp","href":"https:\/\/api.w.org\/{rel}","templated":true}]}}