{"id":118,"date":"2021-07-30T10:17:21","date_gmt":"2021-07-30T10:17:21","guid":{"rendered":"http:\/\/cooperatextil.6tems.es\/?page_id=118"},"modified":"2023-01-23T15:08:07","modified_gmt":"2023-01-23T15:08:07","slug":"avis-legal","status":"publish","type":"page","link":"https:\/\/devcooperatextil.tecnocampus.cat\/ca\/avis-legal","title":{"rendered":"Nota Legal"},"content":{"rendered":"\n<h2 id=\"1-condicions-generals\"><strong>1. Condicions Generals<\/strong><\/h2>\n\n\n\n<p>Aquestes condicions generals, regulen l&#8217;\u00fas del servei del web d&#8217;Internet a http:\/\/www.cooperatextil.com amb finalitats informatives.<br><br>La utilitzaci\u00f3 del web atribueix la condici\u00f3 d&#8217;usuari del mateix i expressa l&#8217;adhesi\u00f3 de l&#8217;usuari a totes i cadascuna de les condicions generals en el mateix moment en que l&#8217;usuari hi accedeix. En conseq\u00fc\u00e8ncia, l&#8217;usuari ha de llegir atentament les condicions generals i acceptar-les expressament.<\/p>\n\n\n\n<h2 id=\"2-objecte\"><strong>2. &#8211; Objecte<\/strong><\/h2>\n\n\n\n<p>Mitjan\u00e7ant el web, la Fundaci\u00f3 Tecnocampus Matar\u00f3-Maresme facilita als usuaris l&#8217;acc\u00e9s i utilitzaci\u00f3 de diversos serveis i continguts posats a disposici\u00f3 dels usuaris o per a tercers usuaris de la web.<br><br>Fundaci\u00f3 Tecnocampus Matar\u00f3-Maresme es reserva el dret a modificar unilateralment, en qualsevol moment i sense cap mena d&#8217;av\u00eds previ, la presentaci\u00f3 i la configuraci\u00f3 del web, aix\u00ed com tamb\u00e9 es reserva el dret a modificar o eliminar alguns serveis i utilitats.<\/p>\n\n\n\n<h2 id=\"3-condicions-d-acces\"><strong>3. &#8211; Condicions d&#8217;Acc\u00e9s<\/strong><\/h2>\n\n\n\n<p>El web cooperatextil &nbsp;\u00e9s totalment gratu\u00eft pels seus usuaris. No obstant la utilitzaci\u00f3 de certs serveis i\/o enlla\u00e7os poden quedar supeditats a les normatives i condicions d&#8217;\u00fas dels seus respectius propietaris.<br><br>L&#8217;usuari es compromet a utilitzar el web de manera correcta i d&#8217;acord amb la llei. S&#8217;obliga a abstenir-se de la utilitzaci\u00f3 il\u00b7l\u00edcita del material exposat al web.<br><br>L&#8217;usuari respondr\u00e0 dels danys i prejudicis de tota naturalesa que la Fundaci\u00f3 Tecnocampus, Fundaci\u00f3 privada pugui patir com a conseq\u00fc\u00e8ncia de l&#8217;incompliment de qualsevol de les obligacions a les que queda sotm\u00e8s per les condicions generals.<br><br>Fundaci\u00f3 Tecnocampus Matar\u00f3-Maresme, no es fa c\u00e0rrec del mal \u00fas del web i d\u2019irregularitats en els ordinadors dels usuaris. Aix\u00ed mateix la Fundaci\u00f3 Tecnocampus no es fa responsable en cap cas de continguts, informacions o imatges que no depenguin de la p\u00e0gina web, ni estiguin gestionats per la Fundaci\u00f3.<\/p>\n\n\n\n<p>Aquestes condicions generals es regeixen per la llei Espanyola. Fundaci\u00f3 Tecnocampus Matar\u00f3-Maresme, i l&#8217;usuari, amb ren\u00fancia expressa a qualsevol altre f\u00f2rum es sotmeten als jutjats i tribunals de Matar\u00f3 per a la resoluci\u00f3 de qualsevol controv\u00e8rsia que es pogu\u00e9s derivar de la prestaci\u00f3 dels serveis objecte d&#8217;aquestes condicions generals.<br><br>Fundaci\u00f3 Tecnocampus Matar\u00f3-Maresme rebutja qualsevol responsabilitat sobre els continguts dels enlla\u00e7os publicats a la seva p\u00e0gina web o les dades personals que es puguin recollir a les mateixes.<\/p>\n\n\n\n<h2 id=\"4-avis-legal-lssice\"><strong>4. &#8211; Av\u00eds Legal: LSSICE<\/strong><\/h2>\n\n\n\n<p>Per a donar compliment amb l&#8217;establert en la Llei 34\/2002, de l&#8217;11 de Juliol, de Serveis de la Societat de la Informaci\u00f3 i de Comer\u00e7 Electr\u00f2nic, a continuaci\u00f3 s&#8217;indiquen les dades d&#8217;informaci\u00f3 general d&#8217;aquest lloc web:<br><br><strong>Fundaci\u00f3 Tecnocampus, Fundaci\u00f3 Privada<\/strong><br>CIF n\u00fam. G62034111<\/p>\n\n\n\n<p>Director: Sr. Josep Llu\u00eds Checa<br>Av. Ernest Lluch, 32<br>Edifici Tecnocampus<br>08302 Matar\u00f3 (Barcelona)<br>Tel\u00e8fon: +34 93 169 65 00<br><a href=\"mailto:info@tecnocampus.com\">info@tecnocampus.com<\/a><\/p>\n\n\n\n<h2 id=\"avis-legal\"><strong><a href=\"mailto:info@tecnocampus.com\">Av\u00eds legal<\/a><\/strong><\/h2>\n\n\n\n<p>La utilitzaci\u00f3 del Lloc web per qualsevol persona li atribueix la condici\u00f3 d\u2019USUARI.<br>&nbsp;<br><strong>Fundaci\u00f3 Tecnocampus Matar\u00f3-Maresme (<\/strong>tamb\u00e9&nbsp;<strong>\u201cla Fundaci\u00f3\u201d)<\/strong>, mitjan\u00e7ant aquest Av\u00eds Legal, estableix les Condicions Generals que regulen l&#8217;acc\u00e9s i \u00fas general del lloc web per part de tots els USUARIS, de manera que l&#8217;acc\u00e9s i \u00fas d\u2019aquesta implica necess\u00e0riament, la submissi\u00f3 i acceptaci\u00f3 de les Condicions Generals citades incloses en aquest Av\u00eds Legal.<br>&nbsp;<br>L\u2019USUARI d&#8217;Internet, especialment ciutadans, clients, prove\u00efdors i interessats, ha de llegir detingudament i atentament les condicions generals cada vegada que vulgui entrar i fer-ne \u00fas, ja que aquestes poden patir alguna modificaci\u00f3.<br>&nbsp;<br><strong>La Fundaci\u00f3&nbsp;<\/strong>es reserva la facultat de realitzar, en qualsevol moment i sense necessitat de cap preav\u00eds, qualsevol modificaci\u00f3 o actualitzaci\u00f3 dels continguts i serveis, de les presents disposicions d&#8217;acc\u00e9s i \u00fas i, en general, de tots els elements que integren el disseny i configuraci\u00f3 del seu lloc web.<\/p>\n\n\n\n<p><strong>1.&nbsp;Informaci\u00f3 general del lloc web cooperatextil i dels seus continguts.<\/strong><\/p>\n\n\n\n<p>El domini web&nbsp;<a href=\"http:\/\/www.fundacionalda.org\/\">http:\/\/www.cooperatextil.com<\/a>, est\u00e0 registrat per Fundaci\u00f3 Tecnocampus Matar\u00f3-Maresme, entitat amb CIF n\u00fam. G62034111 i amb seu a l\u2019avinguda d\u2019Ernest Lluch, 32 &#8211; Torre TCM2, planta 6 de 08302 Matar\u00f3.<br>&nbsp;<br>La gesti\u00f3, continguts, aix\u00ed com els fitxers depenents d\u2019aquest lloc web s\u00f3n responsabilitat de la&nbsp;<strong>Fundaci\u00f3 Tecnocampus Matar\u00f3-Maresme<\/strong>. Puntualment o de manera permanent hi pot haver altres adreces que tamb\u00e9 permetin accedir als continguts i serveis prestats mitjan\u00e7ant el lloc web cooperatextil.<br>&nbsp;<br>Si vols posar-te en contacte amb nosaltres ho pots fer a m\u00e9s del correu postal tradicional, trucar-nos per tel\u00e8fon (+34 93 169 65 00), o enviar-nos un missatge de correu electr\u00f2nic a:&nbsp;<a href=\"mailto:alda@fundacionalda.org\">info@tecnocampus.cat<\/a>.<br>&nbsp;<br>&nbsp;<br><strong>2. Objecte de lloc web&nbsp;cooperatextil.<\/strong><br>&nbsp;<br><strong>La Fundaci\u00f3&nbsp;<\/strong>crea i dissenya el present lloc web, per donar a con\u00e8ixer i permetre l&#8217;acc\u00e9s general de tots els USUARIS d&#8217;Internet a un directori d&#8217;empreses t\u00e8xtils del Maresme i a &nbsp;informaci\u00f3 d&#8217;inter\u00e8s.<br>&nbsp;<br>&nbsp;<br><strong>3. Mitjans d\u2019acc\u00e9s al lloc web.<\/strong><br>&nbsp;<br><strong>La Fundaci\u00f3 Tecnocampus Matar\u00f3-Maresme&nbsp;<\/strong>informa que no es responsabilitza de la prestaci\u00f3 de serveis i subministraments de tercers, inclosos el transport a trav\u00e9s de xarxes de telecomunicacions, la fiabilitat, qualitat, continu\u00eftat i funcionament del qual no li correspon, i per la qual cosa l&#8217;acc\u00e9s pot ser susp\u00e8s, cancel\u00b7lat o resultar inaccessible per motius t\u00e8cnics.<br><br>&nbsp;<br><strong>La Fundaci\u00f3&nbsp;<\/strong>es reserva el dret a interrompre l&#8217;acc\u00e9s el seu lloc web en qualsevol moment i sense previ av\u00eds, ja sigui per motius de seguretat, de control, de manteniment, per errors de subministrament el\u00e8ctric o per qualsevol altra causa. Si la interrupci\u00f3 tingu\u00e9s car\u00e0cter definitiu, es comunicar\u00e0 tal circumst\u00e0ncia als USUARIS, que podran patir la p\u00e8rdua, en el seu cas, de la informaci\u00f3 emmagatzemada en els diferents serveis.<br>&nbsp;<br><strong>La Fundaci\u00f3&nbsp;<\/strong>en cap cas es responsabilitza de les conseq\u00fc\u00e8ncies d\u2019eventuals interrupcions, ja que no garanteix la fiabilitat, disponibilitat, ni continu\u00eftat del seu lloc web.<br>&nbsp;<br><strong>La Fundaci\u00f3&nbsp;<\/strong>d\u00f3na acc\u00e9s a aquest servei de forma exclusiva a empreses t\u00e8xtils del Maresme, per als quals s\u00f3n requisits previs el registre i l&#8217;acceptaci\u00f3 de les condicions particulars, les quals substituiran, completaran i\/o modificaran les establertes en el present Av\u00eds Legal.<br>&nbsp;<br>L&#8217;USUARI pot accedir de forma gratu\u00efta i lliure al lloc web, llevat pel que fa al cost de la connexi\u00f3 a trav\u00e9s de la xarxa de telecomunicacions subministrada pel Prove\u00efdor d&#8217;Acc\u00e9s a Internet (ISP), contractada pel seu compte.<br>&nbsp;<br>&nbsp;<br><strong>4. \u00das del lloc web.<\/strong><br>&nbsp;<br>L&#8217;USUARI accepta que l&#8217;\u00fas del lloc web es fa sota la seva exclusiva responsabilitat.<br>&nbsp;<br>L&#8217;USUARI es compromet a no utilitzar la informaci\u00f3, activitats, productes o serveis que&nbsp;<strong>la Fundaci\u00f3<\/strong>&nbsp;posa a la seva disposici\u00f3 per a desenvolupar activitats contr\u00e0ries a les lleis, a la moral o a l&#8217;ordre p\u00fablic i, en general, a fer-ne un \u00fas conforme a les presents condicions generals.<br>&nbsp;<br>L&#8217;USUARI que no pari atenci\u00f3 a aquests missatges d&#8217;av\u00eds es responsabilitza dels danys i perjudicis que puguin patir els seus propis equips inform\u00e0tics perqu\u00e8 aquest hagi usat de forma indeguda o negligent aquest lloc web. La&nbsp;<strong>Fundaci\u00f3 Tecnocampus Matar\u00f3-Maresme&nbsp;<\/strong>no n\u2019\u00e9s responsable.<br>&nbsp;<br>L\u2019USUARI no far\u00e0 \u00fas del lloc web amb finalitats lesives als b\u00e9ns de&nbsp;<strong>la Fundaci\u00f3<\/strong>&nbsp;o de qualsevol altra forma de manera que sobrecarreguin, danyin o inutilitzin les xarxes, servidors i altres equips inform\u00e0tics (maquinari) o productes i aplicacions inform\u00e0tiques (programari) de&nbsp;<strong>la Fundaci\u00f3<\/strong>&nbsp;o de tercers, en el seu cas.<br>&nbsp;<br>&nbsp;<br><strong>5. Continguts.<\/strong><br>&nbsp;<br><strong>La Fundaci\u00f3&nbsp;<\/strong>procurar\u00e0 que les informacions, els continguts i els serveis oferts o difosos en el seu lloc web acompleixin de manera suficient la necess\u00e0ria integritat, veracitat, actualitzaci\u00f3, accessibilitat i usabilitat d&#8217;aquesta informaci\u00f3, continguts i serveis. A aquest efecte, cal tenir en compte la data d&#8217;actualitzaci\u00f3 que s&#8217;indiqui respecte de cadascun dels continguts.<br><br>&nbsp;<br><strong>6. Enlla\u00e7os de tercers al lloc web de Fundaci\u00f3 Tecnocampus Matar\u00f3-Maresme.&nbsp;<\/strong><br>&nbsp;<br>L&#8217;USUARI que vulgui introduir un enlla\u00e7 des del seu lloc web al de&nbsp;<strong>la<\/strong>&nbsp;<strong>Fundaci\u00f3 Tecnocampus Matar\u00f3-Maresme<\/strong>&nbsp;haur\u00e0 d&#8217;obtenir l\u2019 autoritzaci\u00f3 pr\u00e8via per escrit de&nbsp;<strong>la Fundaci\u00f3<\/strong>. A m\u00e9s, haur\u00e0 de complir les seg\u00fcents obligacions:<\/p>\n\n\n\n<ul><li>L\u2019enlla\u00e7 o link \u00fanicament vincular\u00e0 amb la p\u00e0gina principal, llevat en cas d\u2019autoritzaci\u00f3 expressa per redireccionar a una p\u00e0gina secund\u00e0ria, que en cap cas podr\u00e0 ser reprodu\u00efda de cap forma.<\/li><li>Queda expressament prohibit establir \u201cframes\u201d o marcs de qualsevol tipus al lloc web, que permetin la visualitzaci\u00f3 de la informaci\u00f3, activitats, serveis o productes a trav\u00e9s de direccions d&#8217;Internet diferents a les del present la lloc web.<\/li><li>No s&#8217;autoritza en cap cas:\n<ul>\n<li>La presentaci\u00f3 d&#8217;una p\u00e0gina del lloc web en una finestra que no pertany a&nbsp;<strong>la<\/strong>&nbsp;<strong>Fundaci\u00f3&nbsp;<\/strong>per mitj\u00e0 de&nbsp;<em>framing.<\/em><\/li>\n<li>La inserci\u00f3 d&#8217;una imatge difosa al lloc web en una p\u00e0gina que no \u00e9s de&nbsp;<strong>la<\/strong>&nbsp;<strong>Fundaci\u00f3&nbsp;<\/strong>mitjan\u00e7ant&nbsp;<em>in line linking.<\/em><\/li>\n<\/ul>\n<\/li><li>El link o la p\u00e0gina d&#8217;enlla\u00e7 no podr\u00e0 desenvolupar activitats o posar dispositius que siguin contraris a les lleis, la moral o l&#8217;ordre p\u00fablic.<\/li><li>En cap cas es realitzaran, des del lloc web on es troba l&#8217;enlla\u00e7, manifestacions falses, inexactes o incorrectes sobre el web cooperat\u00e8xtil,&nbsp;<strong>laFundaci\u00f3<\/strong>, ciutadans, clients, interessats, membres del personal, o la qualitat dels serveis que presta a&nbsp;<strong>la<\/strong>&nbsp;<strong>Fundaci\u00f3&nbsp;<\/strong>o a qualsevol altre professional a tot el territori de l&#8217;Estat.<\/li><\/ul>\n\n\n\n<p>Tot i aix\u00f2, d&#8217;acord amb el que disposa la Recomanaci\u00f3 1\/2008 de l\u2019Agencia de Protecci\u00f3 de Dades sobre la difusi\u00f3 d&#8217;informaci\u00f3 que contingui dades de car\u00e0cter personal a trav\u00e9s d&#8217;Internet, es revisen peri\u00f2dicament els enlla\u00e7os a altres p\u00e0gines web per tal d&#8217;evitar la inclusi\u00f3 d&#8217;enlla\u00e7os que no compleixen la normativa de protecci\u00f3 de dades, aix\u00ed com la resta de normativa vigent<\/p>\n\n\n\n<p>&nbsp;&nbsp;<br><strong>7. Propietat Industrial i Intel\u00b7lectual.<\/strong><br>&nbsp;<br>Els continguts i elements gr\u00e0fics que formen part del lloc web&nbsp;<a href=\"http:\/\/www.fundacionalda.org\/\">http:\/\/www.cooperat\u00e8xtil.cat<\/a>&nbsp;s\u00f3n titularitat exclusiva de la <strong>Fundaci\u00f3 Tecnocampus Matar\u00f3-Maresme<\/strong>&nbsp;o de tercers que li han autoritzat el seu \u00fas.<br>&nbsp;<br><strong>La Fundaci\u00f3&nbsp;<\/strong>explicita una reserva de drets amb car\u00e0cter general respecte del conjunt dels continguts difosos en el lloc web que s\u00f3n objecte de propietat intel\u00b7lectual, en els termes legalment establerts, amb les exclusions previstes en l&#8217;article 13 del Reial Decret Legislatiu 1\/1996, de 12 d&#8217;abril, pel qual s&#8217;aprova el text ref\u00f3s de la Llei de propietat intel\u00b7lectual. Qualsevol \u00fas o reproducci\u00f3 d&#8217;aquests continguts -o d&#8217;altres que es puguin incloure en el futur- per part de les persones usu\u00e0ries s&#8217;ha de fer seguint les previsions i respectant les limitacions de la normativa esmentada.<br>&nbsp;&nbsp;&nbsp;<br>S&#8217;admet l&#8217;\u00fas personal i per a \u00fas privat dels continguts d\u2019aquest lloc web, sempre que la c\u00f2pia obtingu\u00e9 no sigui objecte d\u2019una utilitzaci\u00f3 col.lectica ni lucrativa. . No obstant aix\u00f2, en determinats sup\u00f2sits,&nbsp;<strong>la Fundaci\u00f3&nbsp;<\/strong>pot indicar de manera expl\u00edcita que \u00e9s necessari sol\u00b7licitar una autoritzaci\u00f3 expressa. En aquests casos, la sol\u00b7licitud corresponent s&#8217;ha d&#8217;enviar per escrit a l\u2019adre\u00e7a indicada al punt 1.<br>&nbsp;<br>No s&#8217;autoritza en cap cas, sense autoritzaci\u00f3 expressa:<\/p>\n\n\n\n<ol><li>L&#8217;extracci\u00f3 d&#8217;elements del lloc web que causi perjudici a&nbsp;<strong>la Fundaci\u00f3<\/strong>&nbsp;.<\/li><li>L&#8217;\u00fas comercial dels continguts del lloc web cooperat\u00e8xtil.<\/li><li>L&#8217;\u00fas de marques, signes distintius, logotips i en general s\u00edmbols distintius de qualsevol naturalesa, propietat de la Fundaci\u00f3.&nbsp;<\/li><\/ol>\n\n\n\n<p><strong>La Fundaci\u00f3 Tecnocampus Matar\u00f3-Maresme&nbsp;<\/strong>es reserva el dret d&#8217;instar les accions, els procediments i les mesures cautelars procedents, previstos en la legislaci\u00f3 de propietat intel\u00b7lectual, amb relaci\u00f3 a la comissi\u00f3 d&#8217;infraccions a la normativa sobre propietat intel\u00b7lectual, per part dels usuaris. Les infraccions que es cometin amb motiu de la utilitzaci\u00f3 fraudulenta de la informaci\u00f3 i dels continguts del lloc web de l<strong>a Fundaci\u00f3<\/strong>, poden comportar les sancions legalment previstes, en especial, en el Codi penal (articles 270 i seg\u00fcents).<br>&nbsp;<br>&nbsp;<br><strong>8. Publicitat.<\/strong><br>&nbsp;<br><strong>La Fundaci\u00f3 Tecnocampus Matar\u00f3-Maresme&nbsp;<\/strong>no ser\u00e0 responsable de qualsevol error, inexactitud o irregularitat que puguin contenir els continguts publicitaris . Els anunciants s\u00f3n els \u00fanics responsables d&#8217;assegurar-se que el material rem\u00e8s per a la seva inclusi\u00f3 al lloc web compleix la normativa que en cada cas puguin ser d&#8217;aplicaci\u00f3.<br>&nbsp;<br><strong>La Fundaci\u00f3&nbsp;<\/strong>no es fa responsable de les opinions de tercers que hagin estat publicades en mitjans de comunicaci\u00f3 i que puguin ser difoses a trav\u00e9s d&#8217;aquesta p\u00e0gina.<br>&nbsp;<br>&nbsp;<br><strong>9. Responsabilitat<\/strong>.<br>&nbsp;<br>L&#8217;USUARI en qualsevol cas, respondr\u00e0 dels danys i perjudicis de tota naturalesa que&nbsp;<strong>la Fundaci\u00f3<\/strong>&nbsp;pugui patir com a conseq\u00fc\u00e8ncia de l\u2019incompliment de qualsevol de les obligacions a qu\u00e8 queda sotm\u00e8s per aquest Av\u00eds Legal o, en el seu cas, per les condicions particulars que siguin d&#8217;aplicaci\u00f3.<br><br>&nbsp;<br><strong>9.1. Acc\u00e9s al Lloc web.<\/strong><br>&nbsp;<br><strong>La Fundaci\u00f3 Tecnocampus Matar\u00f3-Maresme&nbsp;<\/strong>no es responsabilitza dels danys o perjudicis de qualsevol tipus produ\u00efts a l\u2019USUARI que portin causa d&#8217;errors o desconnexions a les xarxes de telecomunicacions que produeixin la suspensi\u00f3, cancel\u00b7laci\u00f3 o interrupci\u00f3 del servei del lloc web durant la prestaci\u00f3 del mateix o amb car\u00e0cter previ.<br>&nbsp;<br>&nbsp;<br><strong>9.2. De la qualitat del servei del lloc web<\/strong>.<br>&nbsp;<br>Correspon a l\u2019USUARI, en tot cas, la disponibilitat d&#8217;eines adequades per a la detecci\u00f3 i desinfecci\u00f3 de programes inform\u00e0tics perjudicials i perillosos (virus, cucs o qualsevol altre element inform\u00e0tic nociu).<br>&nbsp;<br><strong>La Fundaci\u00f3&nbsp;<\/strong>no es responsabilitza dels danys produ\u00efts en els equips inform\u00e0tics dels USUARIS o de tercers durant l\u2019\u00fas del servei d\u2019aquest lloc web.<br>&nbsp;<br>&nbsp;<br><strong>9.3. Dels Continguts.<\/strong><br>&nbsp;<br><strong>La Fundaci\u00f3 Tecnocampus Matar\u00f3-Maresme&nbsp;<\/strong>no es responsabilitza de les decisions preses a partir de la informaci\u00f3 subministrada al lloc web, ni dels danys i perjudicis produ\u00efts en l\u2019USUARI o tercers amb motiu d&#8217;actuacions que tinguin com a \u00fanic fonament la informaci\u00f3 obtinguda a trav\u00e9s del lloc web.<br>&nbsp;<br>&nbsp;<br><strong>9.4. Dels enlla\u00e7os o links.<\/strong><br>&nbsp;<br><strong>La Fundaci\u00f3 Tecnocampus Matar\u00f3-Maresme&nbsp;<\/strong>actua com a prestador de serveis d&#8217;intermediaci\u00f3, de conformitat amb l&#8217;article 17 de la Llei 32\/2002 de 12 de juliol, de Serveis de la Societat de la Informaci\u00f3 i el Comer\u00e7 Electr\u00f2nic (LSSI), i nom\u00e9s \u00e9s responsable dels continguts i serveis subministrats als llocs enlla\u00e7ats en la mesura que tingui coneixement efectiu de la il\u00b7licitud i no hagi desactivat l&#8217;enlla\u00e7 amb la dilig\u00e8ncia deguda. El servei d&#8217;acc\u00e9s al web inclou dispositius t\u00e8cnics d&#8217;enlla\u00e7 que permeten a l\u2019USUARI accedir a altres p\u00e0gines i seus electr\u00f2niques o llocs web d&#8217;Internet.<br>&nbsp;<br>L&#8217;exist\u00e8ncia de links o enlla\u00e7os no ha de pressuposar l&#8217;exist\u00e8ncia d&#8217;acords amb els responsables o titulars dels mateixos, ni la recomanaci\u00f3, promoci\u00f3 o identificaci\u00f3 de&nbsp;<strong>la Fundaci\u00f3<\/strong>&nbsp;amb les manifestacions, continguts o serveis prove\u00efts.<br>&nbsp;<br><strong>La Fundaci\u00f3&nbsp;<\/strong>no es fa responsable de la informaci\u00f3 o dels continguts d&#8217;altres llocs web als quals remeti o amb les quals enlla\u00e7a el lloc web cooperat\u00e8xtil.<br>&nbsp;<br>L&#8217;USUARI, en el sup\u00f2sit que consideri que existeix un lloc enlla\u00e7at amb continguts il\u00b7l\u00edcits o inadequats, podr\u00e0 comunicar-li-ho a&nbsp;<strong>la<\/strong>&nbsp;<strong>Fundaci\u00f3&nbsp;<\/strong>sense que en cap cas aquesta comunicaci\u00f3 comporti l&#8217;obligaci\u00f3 de retirar el corresponent enlla\u00e7.<br>&nbsp;<br><strong>La Fundaci\u00f3 Tecnocampus Matar\u00f3-Maresme&nbsp;<\/strong>no coneix els continguts i serveis dels links o enlla\u00e7os i, per tant, no es fa responsable pels danys produ\u00efts per la il\u00b7licitud, qualitat, desactualitzaci\u00f3, indisponibilitat, error i inutilitat dels continguts i\/o serveis dels links o enlla\u00e7os ni per qualsevol altre dany que no sigui directament imputable a&nbsp;<strong>la Fundaci\u00f3.<\/strong><\/p>\n\n\n\n<p>&nbsp;<br><strong>10. Legislaci\u00f3 i Jurisdicci\u00f3 Aplicable.<\/strong><br>&nbsp;<br>Les presents condicions d&#8217;acc\u00e9s estan subjectes a l&#8217;ordenaci\u00f3 jur\u00eddica espanyola. Per a la resoluci\u00f3 de qualsevol conflicte que pogu\u00e9s derivar-se de l&#8217;acc\u00e9s al lloc web, l\u2019USUARI i&nbsp;<strong>la<\/strong>&nbsp;<strong>Fundaci\u00f3&nbsp;<\/strong>acorden sotmetre&#8217;s expressament als jutjats i tribunals de la ciutat de Matar\u00f3 amb ren\u00fancia a qualsevol altre fur general o especial que els pogu\u00e9s correspondre.<\/p>\n","protected":false},"excerpt":{"rendered":"<p>1. Condicions Generals Aquestes condicions generals, regulen l&#8217;\u00fas del servei del web d&#8217;Internet a http:\/\/www.cooperatextil.com amb finalitats informatives. La utilitzaci\u00f3 del web atribueix la condici\u00f3 d&#8217;usuari del mateix i expressa l&#8217;adhesi\u00f3 de l&#8217;usuari a totes i cadascuna de les condicions generals en el mateix moment en que l&#8217;usuari hi accedeix. En conseq\u00fc\u00e8ncia, l&#8217;usuari ha de [&hellip;]<\/p>\n","protected":false},"author":1,"featured_media":0,"parent":0,"menu_order":0,"comment_status":"closed","ping_status":"closed","template":"page-templates\/single-page.php","meta":{"inline_featured_image":false},"acf":[],"_links":{"self":[{"href":"https:\/\/devcooperatextil.tecnocampus.cat\/ca\/wp-json\/wp\/v2\/pages\/118"}],"collection":[{"href":"https:\/\/devcooperatextil.tecnocampus.cat\/ca\/wp-json\/wp\/v2\/pages"}],"about":[{"href":"https:\/\/devcooperatextil.tecnocampus.cat\/ca\/wp-json\/wp\/v2\/types\/page"}],"author":[{"embeddable":true,"href":"https:\/\/devcooperatextil.tecnocampus.cat\/ca\/wp-json\/wp\/v2\/users\/1"}],"replies":[{"embeddable":true,"href":"https:\/\/devcooperatextil.tecnocampus.cat\/ca\/wp-json\/wp\/v2\/comments?post=118"}],"version-history":[{"count":9,"href":"https:\/\/devcooperatextil.tecnocampus.cat\/ca\/wp-json\/wp\/v2\/pages\/118\/revisions"}],"predecessor-version":[{"id":4976,"href":"https:\/\/devcooperatextil.tecnocampus.cat\/ca\/wp-json\/wp\/v2\/pages\/118\/revisions\/4976"}],"wp:attachment":[{"href":"https:\/\/devcooperatextil.tecnocampus.cat\/ca\/wp-json\/wp\/v2\/media?parent=118"}],"curies":[{"name":"wp","href":"https:\/\/api.w.org\/{rel}","templated":true}]}}